{"id":919,"date":"2021-01-25T19:44:26","date_gmt":"2021-01-25T19:44:26","guid":{"rendered":"https:\/\/paratucarro.com\/ayuda\/?page_id=919"},"modified":"2021-01-25T20:07:35","modified_gmt":"2021-01-25T20:07:35","slug":"como-describir-adecuadamente-mis-productos","status":"publish","type":"page","link":"https:\/\/paratucarro.com\/ayuda\/soy-tienda-oficial\/gestion-de-productos\/como-hacer-una-buena-publicacion\/como-describir-adecuadamente-mis-productos\/","title":{"rendered":"C\u00f3mo describir adecuadamente mis productos"},"content":{"rendered":"\t\t<div data-elementor-type=\"wp-page\" data-elementor-id=\"919\" class=\"elementor elementor-919\">\n\t\t\t\t\t\t<div class=\"elementor-inner\">\n\t\t\t\t<div class=\"elementor-section-wrap\">\n\t\t\t\t\t\t\t\t\t<section class=\"elementor-section elementor-top-section elementor-element elementor-element-2de958cf elementor-section-boxed elementor-section-height-default elementor-section-height-default\" data-id=\"2de958cf\" data-element_type=\"section\">\r\n\t\t\t\r\n\t\t\t\t\t\t\t\t\t<div class=\"elementor-container elementor-column-gap-default\">\r\n\t\t\t\t\t\t\t\t<div class=\"elementor-row\">\r\n\t\t\t\t\t\t\t<div class=\"elementor-column elementor-col-25 elementor-top-column elementor-element elementor-element-89aab64\" data-id=\"89aab64\" data-element_type=\"column\">\r\n\r\n\t\t\t\t\t<div class=\"elementor-column-wrap\">\r\n\t\t\t\t\t\t\t<div class=\"elementor-widget-wrap\">\r\n\t\t\t\t\t\t\t\t<\/div>\r\n\t\t\t\t\t<\/div>\r\n\t\t\t\t<\/div>\r\n\t\t\t\t<div class=\"elementor-column elementor-col-50 elementor-top-column elementor-element elementor-element-25142f93\" data-id=\"25142f93\" data-element_type=\"column\">\r\n\r\n\t\t\t\t\t<div class=\"elementor-column-wrap elementor-element-populated\">\r\n\t\t\t\t\t\t\t<div class=\"elementor-widget-wrap\">\r\n\t\t\t\t\t\t<div class=\"elementor-element elementor-element-307a3c35 elementor-widget elementor-widget-heading\" data-id=\"307a3c35\" data-element_type=\"widget\" data-widget_type=\"heading.default\">\n\t\t\t\t<div class=\"elementor-widget-container\">\n\t\t\t<h2 class=\"elementor-heading-title elementor-size-default\">C\u00f3mo describir adecuadamente mis productos<\/h2>\t\t<\/div>\n\t\t\t\t<\/div>\n\t\t\t\t<div class=\"elementor-element elementor-element-1d60f7d1 elementor-widget elementor-widget-text-editor\" data-id=\"1d60f7d1\" data-element_type=\"widget\" data-widget_type=\"text-editor.default\">\n\t\t\t\t<div class=\"elementor-widget-container\">\n\t\t\t\t\t\t\t\t<div class=\"elementor-text-editor elementor-clearfix\">\n\t\t\t\t<p><span style=\"font-size: 21px;\">Primero, las caracter\u00edsticas importantes<\/span><\/p><p>Las caracter\u00edsticas disponibles pueden varias de acuerdo a la categor\u00eda del producto, estas caracter\u00edsticas<strong> ayudan a tu cliente a encontrar los productos<\/strong> de una manera m\u00e1s f\u00e1cil de acuerdo a sus necesidades, por ejemplo, si el cliente esta buscando un producto \u201cnuevo\u201d o \u201cusado\u201d.<\/p><p><span style=\"font-size: 21px;\">Los detalles, en la descripci\u00f3n<\/span><\/p><p>Todas las especificaciones importantes van en la descripci\u00f3n. Si quieres agregar detalles de la ficha t\u00e9cnica, <strong>la descripci\u00f3n de solo texto<\/strong> es el lugar ideal. S\u00e9 breve y organiza la informaci\u00f3n en guiones o vi\u00f1etas para que resulte una lectura \u00e1gil para el comprador.<\/p><p><span style=\"font-size: 21px;\">\u00bfY las fotos?<\/span><\/p><p>Ahora puedes subir hasta 10 fotos por producto para que muestres bien lo que vendes, de esta forma el comprador podr\u00e1 conocerlo mejor.<\/p><p>Consulta <a href=\"#\">las fotos si importan<\/a>.<\/p><p><span style=\"font-size: 21px;\">Sigue nuestros consejos y disfruta de estos beneficios<\/span><\/p><p>Al organizar la informaci\u00f3n de esta manera podr\u00e1s beneficiarte de todo esto:<\/p><ul><li>Tus descripciones se ver\u00e1n bien en todos los dispositivos y se descargar\u00e1n m\u00e1s r\u00e1pido.<\/li><li>Podremos usar los datos para hacer filtros de b\u00fasqueda y que te encuentren m\u00e1s f\u00e1cil.<\/li><li>Tendr\u00e1s mejor exposici\u00f3n, pues solo las publicaciones con datos completos en las fichas t\u00e9cnicas tienen mayores posibilidades de ser encontradas por los clientes.<\/li><\/ul>\t\t\t\t\t<\/div>\n\t\t\t\t\t\t<\/div>\n\t\t\t\t<\/div>\n\t\t\t\t\t\t<\/div>\r\n\t\t\t\t\t<\/div>\r\n\t\t\t\t<\/div>\r\n\t\t\t\t<div class=\"elementor-column elementor-col-25 elementor-top-column elementor-element elementor-element-2b747378\" data-id=\"2b747378\" data-element_type=\"column\">\r\n\r\n\t\t\t\t\t<div class=\"elementor-column-wrap\">\r\n\t\t\t\t\t\t\t<div class=\"elementor-widget-wrap\">\r\n\t\t\t\t\t\t\t\t<\/div>\r\n\t\t\t\t\t<\/div>\r\n\t\t\t\t<\/div>\r\n\t\t\t\t\t\t<\/div>\r\n\t\t\t\t\t<\/div>\r\n\t\t\t\t<\/section>\r\n\t\t\t\t<section class=\"elementor-section elementor-top-section elementor-element elementor-element-24ceb7c1 elementor-section-boxed elementor-section-height-default elementor-section-height-default\" data-id=\"24ceb7c1\" data-element_type=\"section\">\r\n\t\t\t\r\n\t\t\t\t\t\t\t\t\t<div class=\"elementor-container elementor-column-gap-default\">\r\n\t\t\t\t\t\t\t\t<div class=\"elementor-row\">\r\n\t\t\t\t\t\t\t<div class=\"elementor-column elementor-col-25 elementor-top-column elementor-element elementor-element-763239f4\" data-id=\"763239f4\" data-element_type=\"column\">\r\n\r\n\t\t\t\t\t<div class=\"elementor-column-wrap\">\r\n\t\t\t\t\t\t\t<div class=\"elementor-widget-wrap\">\r\n\t\t\t\t\t\t\t\t<\/div>\r\n\t\t\t\t\t<\/div>\r\n\t\t\t\t<\/div>\r\n\t\t\t\t<div class=\"elementor-column elementor-col-50 elementor-top-column elementor-element elementor-element-6de0744c\" data-id=\"6de0744c\" data-element_type=\"column\">\r\n\r\n\t\t\t\t\t<div class=\"elementor-column-wrap elementor-element-populated\">\r\n\t\t\t\t\t\t\t<div class=\"elementor-widget-wrap\">\r\n\t\t\t\t\t\t<div class=\"elementor-element elementor-element-471da285 elementor-share-buttons--view-icon elementor-share-buttons--skin-minimal elementor-share-buttons--shape-circle elementor-share-buttons--align-center elementor-share-buttons--color-custom elementor-grid-0 elementor-widget elementor-widget-share-buttons\" data-id=\"471da285\" data-element_type=\"widget\" data-widget_type=\"share-buttons.default\">\n\t\t\t\t<div class=\"elementor-widget-container\">\n\t\t\t\t\t<div class=\"elementor-grid\">\n\t\t\t\t\t\t\t\t<div class=\"elementor-grid-item\">\n\t\t\t\t\t\t<div\n\t\t\t\t\t\t\tclass=\"elementor-share-btn elementor-share-btn_facebook\"\n\t\t\t\t\t\t\trole=\"button\"\n\t\t\t\t\t\t\ttabindex=\"0\"\n\t\t\t\t\t\t\taria-label=\"Compartir en facebook\"\n\t\t\t\t\t\t>\n\t\t\t\t\t\t\t\t\t\t\t\t\t\t\t<span class=\"elementor-share-btn__icon\">\n\t\t\t\t\t\t\t\t<i class=\"fab fa-facebook\" aria-hidden=\"true\"><\/i>\t\t\t\t\t\t\t<\/span>\n\t\t\t\t\t\t\t\t\t\t\t\t\t\t\t\t\t\t\t\t<\/div>\n\t\t\t\t\t<\/div>\n\t\t\t\t\t\t\t\t\t<div class=\"elementor-grid-item\">\n\t\t\t\t\t\t<div\n\t\t\t\t\t\t\tclass=\"elementor-share-btn elementor-share-btn_twitter\"\n\t\t\t\t\t\t\trole=\"button\"\n\t\t\t\t\t\t\ttabindex=\"0\"\n\t\t\t\t\t\t\taria-label=\"Compartir en twitter\"\n\t\t\t\t\t\t>\n\t\t\t\t\t\t\t\t\t\t\t\t\t\t\t<span class=\"elementor-share-btn__icon\">\n\t\t\t\t\t\t\t\t<i class=\"fab fa-twitter\" aria-hidden=\"true\"><\/i>\t\t\t\t\t\t\t<\/span>\n\t\t\t\t\t\t\t\t\t\t\t\t\t\t\t\t\t\t\t\t<\/div>\n\t\t\t\t\t<\/div>\n\t\t\t\t\t\t<\/div>\n\t\t\t\t<\/div>\n\t\t\t\t<\/div>\n\t\t\t\t<div class=\"elementor-element elementor-element-47435b57 elementor-widget-divider--view-line elementor-widget elementor-widget-global elementor-global-323 elementor-widget-divider\" data-id=\"47435b57\" data-element_type=\"widget\" data-widget_type=\"divider.default\">\n\t\t\t\t<div class=\"elementor-widget-container\">\n\t\t\t\t\t<div class=\"elementor-divider\">\n\t\t\t<span class=\"elementor-divider-separator\">\n\t\t\t\t\t\t<\/span>\n\t\t<\/div>\n\t\t\t\t<\/div>\n\t\t\t\t<\/div>\n\t\t\t\t<div class=\"elementor-element elementor-element-230b8eb0 elementor-widget elementor-widget-global elementor-global-300 elementor-widget-heading\" data-id=\"230b8eb0\" data-element_type=\"widget\" data-widget_type=\"heading.default\">\n\t\t\t\t<div class=\"elementor-widget-container\">\n\t\t\t<h2 class=\"elementor-heading-title elementor-size-default\">\u00bfNecesitas m\u00e1s informaci\u00f3n?<\/h2>\t\t<\/div>\n\t\t\t\t<\/div>\n\t\t\t\t<div class=\"elementor-element elementor-element-2898ee3e elementor-align-center elementor-widget elementor-widget-global elementor-global-297 elementor-widget-button\" data-id=\"2898ee3e\" data-element_type=\"widget\" data-widget_type=\"button.default\">\n\t\t\t\t<div class=\"elementor-widget-container\">\n\t\t\t\t\t<div class=\"elementor-button-wrapper\">\n\t\t\t<a href=\"https:\/\/paratucarro.com\/ayuda\/inicio\/formulario-de-contacto\/\" class=\"elementor-button-link elementor-button elementor-size-md\" role=\"button\">\n\t\t\t\t\t\t<span class=\"elementor-button-content-wrapper\">\n\t\t\t\t\t\t<span class=\"elementor-button-text\">Escribenos<\/span>\n\t\t<\/span>\n\t\t\t\t\t<\/a>\n\t\t<\/div>\n\t\t\t\t<\/div>\n\t\t\t\t<\/div>\n\t\t\t\t\t\t<\/div>\r\n\t\t\t\t\t<\/div>\r\n\t\t\t\t<\/div>\r\n\t\t\t\t<div class=\"elementor-column elementor-col-25 elementor-top-column elementor-element elementor-element-6c3a6de7\" data-id=\"6c3a6de7\" data-element_type=\"column\">\r\n\r\n\t\t\t\t\t<div class=\"elementor-column-wrap\">\r\n\t\t\t\t\t\t\t<div class=\"elementor-widget-wrap\">\r\n\t\t\t\t\t\t\t\t<\/div>\r\n\t\t\t\t\t<\/div>\r\n\t\t\t\t<\/div>\r\n\t\t\t\t\t\t<\/div>\r\n\t\t\t\t\t<\/div>\r\n\t\t\t\t<\/section>\r\n\t\t\t\t\t\t\t\t\t<\/div>\n\t\t\t<\/div>\n\t\t\t\t\t<\/div>\n\t\t","protected":false},"excerpt":{"rendered":"<p>C\u00f3mo describir adecuadamente mis productos Primero, las caracter\u00edsticas importantes Las caracter\u00edsticas disponibles pueden varias de acuerdo a la categor\u00eda del producto, estas caracter\u00edsticas ayudan a tu cliente a encontrar los productos de una manera m\u00e1s f\u00e1cil de acuerdo a sus necesidades, por ejemplo, si el cliente esta buscando un producto \u201cnuevo\u201d o \u201cusado\u201d. Los detalles, [&hellip;]<\/p>\n","protected":false},"author":1,"featured_media":0,"parent":887,"menu_order":0,"comment_status":"closed","ping_status":"closed","template":"","meta":[],"yoast_head":"<!-- This site is optimized with the Yoast SEO Premium plugin v15.7 - https:\/\/yoast.com\/wordpress\/plugins\/seo\/ -->\n<title>C\u00f3mo describir adecuadamente mis productos - Centro de Ayuda<\/title>\n<meta name=\"robots\" content=\"index, follow, max-snippet:-1, max-image-preview:large, max-video-preview:-1\" \/>\n<link rel=\"canonical\" href=\"https:\/\/paratucarro.com\/ayuda\/soy-tienda-oficial\/gestion-de-productos\/como-hacer-una-buena-publicacion\/como-describir-adecuadamente-mis-productos\/\" \/>\n<meta property=\"og:locale\" content=\"es_ES\" \/>\n<meta property=\"og:type\" content=\"article\" \/>\n<meta property=\"og:title\" content=\"C\u00f3mo describir adecuadamente mis productos - Centro de Ayuda\" \/>\n<meta property=\"og:description\" content=\"C\u00f3mo describir adecuadamente mis productos Primero, las caracter\u00edsticas importantes Las caracter\u00edsticas disponibles pueden varias de acuerdo a la categor\u00eda del producto, estas caracter\u00edsticas ayudan a tu cliente a encontrar los productos de una manera m\u00e1s f\u00e1cil de acuerdo a sus necesidades, por ejemplo, si el cliente esta buscando un producto \u201cnuevo\u201d o \u201cusado\u201d. Los detalles, [&hellip;]\" \/>\n<meta property=\"og:url\" content=\"https:\/\/paratucarro.com\/ayuda\/soy-tienda-oficial\/gestion-de-productos\/como-hacer-una-buena-publicacion\/como-describir-adecuadamente-mis-productos\/\" \/>\n<meta property=\"og:site_name\" content=\"Centro de Ayuda\" \/>\n<meta property=\"article:modified_time\" content=\"2021-01-25T20:07:35+00:00\" \/>\n<meta name=\"twitter:card\" content=\"summary_large_image\" \/>\n<meta name=\"twitter:label1\" content=\"Tiempo de lectura\">\n\t<meta name=\"twitter:data1\" content=\"1 minuto\">\n<script type=\"application\/ld+json\" class=\"yoast-schema-graph\">{\"@context\":\"https:\/\/schema.org\",\"@graph\":[{\"@type\":\"WebSite\",\"@id\":\"https:\/\/paratucarro.com\/ayuda\/#website\",\"url\":\"https:\/\/paratucarro.com\/ayuda\/\",\"name\":\"Centro de Ayuda\",\"description\":\"Centro de ayuda de paratucarro.com\",\"potentialAction\":[{\"@type\":\"SearchAction\",\"target\":\"https:\/\/paratucarro.com\/ayuda\/?s={search_term_string}\",\"query-input\":\"required name=search_term_string\"}],\"inLanguage\":\"es\"},{\"@type\":\"WebPage\",\"@id\":\"https:\/\/paratucarro.com\/ayuda\/soy-tienda-oficial\/gestion-de-productos\/como-hacer-una-buena-publicacion\/como-describir-adecuadamente-mis-productos\/#webpage\",\"url\":\"https:\/\/paratucarro.com\/ayuda\/soy-tienda-oficial\/gestion-de-productos\/como-hacer-una-buena-publicacion\/como-describir-adecuadamente-mis-productos\/\",\"name\":\"C\\u00f3mo describir adecuadamente mis productos - Centro de Ayuda\",\"isPartOf\":{\"@id\":\"https:\/\/paratucarro.com\/ayuda\/#website\"},\"datePublished\":\"2021-01-25T19:44:26+00:00\",\"dateModified\":\"2021-01-25T20:07:35+00:00\",\"inLanguage\":\"es\",\"potentialAction\":[{\"@type\":\"ReadAction\",\"target\":[\"https:\/\/paratucarro.com\/ayuda\/soy-tienda-oficial\/gestion-de-productos\/como-hacer-una-buena-publicacion\/como-describir-adecuadamente-mis-productos\/\"]}]}]}<\/script>\n<!-- \/ Yoast SEO Premium plugin. -->","_links":{"self":[{"href":"https:\/\/paratucarro.com\/ayuda\/wp-json\/wp\/v2\/pages\/919"}],"collection":[{"href":"https:\/\/paratucarro.com\/ayuda\/wp-json\/wp\/v2\/pages"}],"about":[{"href":"https:\/\/paratucarro.com\/ayuda\/wp-json\/wp\/v2\/types\/page"}],"author":[{"embeddable":true,"href":"https:\/\/paratucarro.com\/ayuda\/wp-json\/wp\/v2\/users\/1"}],"replies":[{"embeddable":true,"href":"https:\/\/paratucarro.com\/ayuda\/wp-json\/wp\/v2\/comments?post=919"}],"version-history":[{"count":0,"href":"https:\/\/paratucarro.com\/ayuda\/wp-json\/wp\/v2\/pages\/919\/revisions"}],"up":[{"embeddable":true,"href":"https:\/\/paratucarro.com\/ayuda\/wp-json\/wp\/v2\/pages\/887"}],"wp:attachment":[{"href":"https:\/\/paratucarro.com\/ayuda\/wp-json\/wp\/v2\/media?parent=919"}],"curies":[{"name":"wp","href":"https:\/\/api.w.org\/{rel}","templated":true}]}}