	{"id":837,"date":"2021-01-25T17:27:08","date_gmt":"2021-01-25T17:27:08","guid":{"rendered":"https:\/\/paratucarro.com\/ayuda\/?page_id=837"},"modified":"2021-01-25T18:22:56","modified_gmt":"2021-01-25T18:22:56","slug":"como-saber-si-los-usuarios-ven-mis-productos","status":"publish","type":"page","link":"https:\/\/paratucarro.com\/ayuda\/soy-tienda-oficial\/como-saber-si-los-usuarios-ven-mis-productos\/","title":{"rendered":"\u00bfC\u00f3mo saber si los usuarios ven mis productos?"},"content":{"rendered":"\t\t<div data-elementor-type=\"wp-page\" data-elementor-id=\"837\" class=\"elementor elementor-837\">\n\t\t\t\t\t\t<div class=\"elementor-inner\">\n\t\t\t\t<div class=\"elementor-section-wrap\">\n\t\t\t\t\t\t\t\t\t<section class=\"elementor-section elementor-top-section elementor-element elementor-element-39d63d40 elementor-section-boxed elementor-section-height-default elementor-section-height-default\" data-id=\"39d63d40\" data-element_type=\"section\">\r\n\t\t\t\r\n\t\t\t\t\t\t\t\t\t<div class=\"elementor-container elementor-column-gap-default\">\r\n\t\t\t\t\t\t\t\t<div class=\"elementor-row\">\r\n\t\t\t\t\t\t\t<div class=\"elementor-column elementor-col-25 elementor-top-column elementor-element elementor-element-127fd157\" data-id=\"127fd157\" data-element_type=\"column\">\r\n\r\n\t\t\t\t\t<div class=\"elementor-column-wrap\">\r\n\t\t\t\t\t\t\t<div class=\"elementor-widget-wrap\">\r\n\t\t\t\t\t\t\t\t<\/div>\r\n\t\t\t\t\t<\/div>\r\n\t\t\t\t<\/div>\r\n\t\t\t\t<div class=\"elementor-column elementor-col-50 elementor-top-column elementor-element elementor-element-250a1382\" data-id=\"250a1382\" data-element_type=\"column\">\r\n\r\n\t\t\t\t\t<div class=\"elementor-column-wrap elementor-element-populated\">\r\n\t\t\t\t\t\t\t<div class=\"elementor-widget-wrap\">\r\n\t\t\t\t\t\t<div class=\"elementor-element elementor-element-19f92901 elementor-widget elementor-widget-heading\" data-id=\"19f92901\" data-element_type=\"widget\" data-widget_type=\"heading.default\">\n\t\t\t\t<div class=\"elementor-widget-container\">\n\t\t\t<h2 class=\"elementor-heading-title elementor-size-default\">\u00bfC\u00f3mo saber si los usuarios ven mis productos?<\/h2>\t\t<\/div>\n\t\t\t\t<\/div>\n\t\t\t\t<div class=\"elementor-element elementor-element-5448699d elementor-widget elementor-widget-text-editor\" data-id=\"5448699d\" data-element_type=\"widget\" data-widget_type=\"text-editor.default\">\n\t\t\t\t<div class=\"elementor-widget-container\">\n\t\t\t\t\t\t\t\t<div class=\"elementor-text-editor elementor-clearfix\">\n\t\t\t\t<p>Ingresa al administrador de tu tienda<\/p>\t\t\t\t\t<\/div>\n\t\t\t\t\t\t<\/div>\n\t\t\t\t<\/div>\n\t\t\t\t<div class=\"elementor-element elementor-element-426e793e elementor-align-center elementor-widget elementor-widget-button\" data-id=\"426e793e\" data-element_type=\"widget\" data-widget_type=\"button.default\">\n\t\t\t\t<div class=\"elementor-widget-container\">\n\t\t\t\t\t<div class=\"elementor-button-wrapper\">\n\t\t\t<a href=\"https:\/\/paratucarro.com\/mi-cuenta\/\" target=\"_blank\" class=\"elementor-button-link elementor-button elementor-size-md\" role=\"button\">\n\t\t\t\t\t\t<span class=\"elementor-button-content-wrapper\">\n\t\t\t\t\t\t<span class=\"elementor-button-text\">Iniciar sesi\u00f3n<\/span>\n\t\t<\/span>\n\t\t\t\t\t<\/a>\n\t\t<\/div>\n\t\t\t\t<\/div>\n\t\t\t\t<\/div>\n\t\t\t\t<div class=\"elementor-element elementor-element-6559bc5a elementor-widget elementor-widget-text-editor\" data-id=\"6559bc5a\" data-element_type=\"widget\" data-widget_type=\"text-editor.default\">\n\t\t\t\t<div class=\"elementor-widget-container\">\n\t\t\t\t\t\t\t\t<div class=\"elementor-text-editor elementor-clearfix\">\n\t\t\t\t<p><b>1.<\/b> Ingresa al men\u00fa productos<\/p><p>En la columna visitas puedes ver la cantidad de visitas que ha tenido tu producto desde que lo publicaste.<\/p>\t\t\t\t\t<\/div>\n\t\t\t\t\t\t<\/div>\n\t\t\t\t<\/div>\n\t\t\t\t<div class=\"elementor-element elementor-element-7bc9d353 elementor-widget elementor-widget-image\" data-id=\"7bc9d353\" data-element_type=\"widget\" data-widget_type=\"image.default\">\n\t\t\t\t<div class=\"elementor-widget-container\">\n\t\t\t\t\t\t\t\t<div class=\"elementor-image\">\n\t\t\t\t\t\t\t\t\t\t\t\t<img decoding=\"async\" width=\"980\" height=\"196\" src=\"https:\/\/paratucarro.com\/ayuda\/wp-content\/uploads\/sites\/4\/2021\/01\/visitas-prodcuto-paratucarro.jpg\" class=\"attachment-full size-full wp-image-880\" alt=\"\" loading=\"lazy\" srcset=\"https:\/\/paratucarro.com\/ayuda\/wp-content\/uploads\/sites\/4\/2021\/01\/visitas-prodcuto-paratucarro.jpg 980w, https:\/\/paratucarro.com\/ayuda\/wp-content\/uploads\/sites\/4\/2021\/01\/visitas-prodcuto-paratucarro-768x154.jpg 768w, https:\/\/paratucarro.com\/ayuda\/wp-content\/uploads\/sites\/4\/2021\/01\/visitas-prodcuto-paratucarro-640x128.jpg 640w, https:\/\/paratucarro.com\/ayuda\/wp-content\/uploads\/sites\/4\/2021\/01\/visitas-prodcuto-paratucarro-400x80.jpg 400w\" sizes=\"(max-width: 980px) 100vw, 980px\" \/>\t\t\t\t\t\t\t\t\t\t\t\t\t\t<\/div>\n\t\t\t\t\t\t<\/div>\n\t\t\t\t<\/div>\n\t\t\t\t<div class=\"elementor-element elementor-element-5963dc47 elementor-widget elementor-widget-text-editor\" data-id=\"5963dc47\" data-element_type=\"widget\" data-widget_type=\"text-editor.default\">\n\t\t\t\t<div class=\"elementor-widget-container\">\n\t\t\t\t\t\t\t\t<div class=\"elementor-text-editor elementor-clearfix\">\n\t\t\t\t<p>Tal ves te interese visitar <a href=\"#\">\u00bfC\u00f3mo hacer una buena publicaci\u00f3n?.<\/a><\/p>\t\t\t\t\t<\/div>\n\t\t\t\t\t\t<\/div>\n\t\t\t\t<\/div>\n\t\t\t\t\t\t<\/div>\r\n\t\t\t\t\t<\/div>\r\n\t\t\t\t<\/div>\r\n\t\t\t\t<div class=\"elementor-column elementor-col-25 elementor-top-column elementor-element elementor-element-6274124f\" data-id=\"6274124f\" data-element_type=\"column\">\r\n\r\n\t\t\t\t\t<div class=\"elementor-column-wrap\">\r\n\t\t\t\t\t\t\t<div class=\"elementor-widget-wrap\">\r\n\t\t\t\t\t\t\t\t<\/div>\r\n\t\t\t\t\t<\/div>\r\n\t\t\t\t<\/div>\r\n\t\t\t\t\t\t<\/div>\r\n\t\t\t\t\t<\/div>\r\n\t\t\t\t<\/section>\r\n\t\t\t\t<section class=\"elementor-section elementor-top-section elementor-element elementor-element-6f3153c4 elementor-section-boxed elementor-section-height-default elementor-section-height-default\" data-id=\"6f3153c4\" data-element_type=\"section\">\r\n\t\t\t\r\n\t\t\t\t\t\t\t\t\t<div class=\"elementor-container elementor-column-gap-default\">\r\n\t\t\t\t\t\t\t\t<div class=\"elementor-row\">\r\n\t\t\t\t\t\t\t<div class=\"elementor-column elementor-col-25 elementor-top-column elementor-element elementor-element-5b278a46\" data-id=\"5b278a46\" data-element_type=\"column\">\r\n\r\n\t\t\t\t\t<div class=\"elementor-column-wrap\">\r\n\t\t\t\t\t\t\t<div class=\"elementor-widget-wrap\">\r\n\t\t\t\t\t\t\t\t<\/div>\r\n\t\t\t\t\t<\/div>\r\n\t\t\t\t<\/div>\r\n\t\t\t\t<div class=\"elementor-column elementor-col-50 elementor-top-column elementor-element elementor-element-1e520d96\" data-id=\"1e520d96\" data-element_type=\"column\">\r\n\r\n\t\t\t\t\t<div class=\"elementor-column-wrap elementor-element-populated\">\r\n\t\t\t\t\t\t\t<div class=\"elementor-widget-wrap\">\r\n\t\t\t\t\t\t<div class=\"elementor-element elementor-element-2ee41b71 elementor-share-buttons--view-icon elementor-share-buttons--skin-minimal elementor-share-buttons--shape-circle elementor-share-buttons--align-center elementor-share-buttons--color-custom elementor-grid-0 elementor-widget elementor-widget-share-buttons\" data-id=\"2ee41b71\" data-element_type=\"widget\" data-widget_type=\"share-buttons.default\">\n\t\t\t\t<div class=\"elementor-widget-container\">\n\t\t\t\t\t<div class=\"elementor-grid\">\n\t\t\t\t\t\t\t\t<div class=\"elementor-grid-item\">\n\t\t\t\t\t\t<div\n\t\t\t\t\t\t\tclass=\"elementor-share-btn elementor-share-btn_facebook\"\n\t\t\t\t\t\t\trole=\"button\"\n\t\t\t\t\t\t\ttabindex=\"0\"\n\t\t\t\t\t\t\taria-label=\"Compartir en facebook\"\n\t\t\t\t\t\t>\n\t\t\t\t\t\t\t\t\t\t\t\t\t\t\t<span class=\"elementor-share-btn__icon\">\n\t\t\t\t\t\t\t\t<i class=\"fab fa-facebook\" aria-hidden=\"true\"><\/i>\t\t\t\t\t\t\t<\/span>\n\t\t\t\t\t\t\t\t\t\t\t\t\t\t\t\t\t\t\t\t<\/div>\n\t\t\t\t\t<\/div>\n\t\t\t\t\t\t\t\t\t<div class=\"elementor-grid-item\">\n\t\t\t\t\t\t<div\n\t\t\t\t\t\t\tclass=\"elementor-share-btn elementor-share-btn_twitter\"\n\t\t\t\t\t\t\trole=\"button\"\n\t\t\t\t\t\t\ttabindex=\"0\"\n\t\t\t\t\t\t\taria-label=\"Compartir en twitter\"\n\t\t\t\t\t\t>\n\t\t\t\t\t\t\t\t\t\t\t\t\t\t\t<span class=\"elementor-share-btn__icon\">\n\t\t\t\t\t\t\t\t<i class=\"fab fa-twitter\" aria-hidden=\"true\"><\/i>\t\t\t\t\t\t\t<\/span>\n\t\t\t\t\t\t\t\t\t\t\t\t\t\t\t\t\t\t\t\t<\/div>\n\t\t\t\t\t<\/div>\n\t\t\t\t\t\t<\/div>\n\t\t\t\t<\/div>\n\t\t\t\t<\/div>\n\t\t\t\t<div class=\"elementor-element elementor-element-713ad5f2 elementor-widget-divider--view-line elementor-widget elementor-widget-global elementor-global-323 elementor-widget-divider\" data-id=\"713ad5f2\" data-element_type=\"widget\" data-widget_type=\"divider.default\">\n\t\t\t\t<div class=\"elementor-widget-container\">\n\t\t\t\t\t<div class=\"elementor-divider\">\n\t\t\t<span class=\"elementor-divider-separator\">\n\t\t\t\t\t\t<\/span>\n\t\t<\/div>\n\t\t\t\t<\/div>\n\t\t\t\t<\/div>\n\t\t\t\t<div class=\"elementor-element elementor-element-42b8782a elementor-widget elementor-widget-global elementor-global-300 elementor-widget-heading\" data-id=\"42b8782a\" data-element_type=\"widget\" data-widget_type=\"heading.default\">\n\t\t\t\t<div class=\"elementor-widget-container\">\n\t\t\t<h2 class=\"elementor-heading-title elementor-size-default\">\u00bfNecesitas m\u00e1s informaci\u00f3n?<\/h2>\t\t<\/div>\n\t\t\t\t<\/div>\n\t\t\t\t<div class=\"elementor-element elementor-element-11fe04a1 elementor-align-center elementor-widget elementor-widget-global elementor-global-297 elementor-widget-button\" data-id=\"11fe04a1\" data-element_type=\"widget\" data-widget_type=\"button.default\">\n\t\t\t\t<div class=\"elementor-widget-container\">\n\t\t\t\t\t<div class=\"elementor-button-wrapper\">\n\t\t\t<a href=\"https:\/\/paratucarro.com\/ayuda\/inicio\/formulario-de-contacto\/\" class=\"elementor-button-link elementor-button elementor-size-md\" role=\"button\">\n\t\t\t\t\t\t<span class=\"elementor-button-content-wrapper\">\n\t\t\t\t\t\t<span class=\"elementor-button-text\">Escribenos<\/span>\n\t\t<\/span>\n\t\t\t\t\t<\/a>\n\t\t<\/div>\n\t\t\t\t<\/div>\n\t\t\t\t<\/div>\n\t\t\t\t\t\t<\/div>\r\n\t\t\t\t\t<\/div>\r\n\t\t\t\t<\/div>\r\n\t\t\t\t<div class=\"elementor-column elementor-col-25 elementor-top-column elementor-element elementor-element-72624fa4\" data-id=\"72624fa4\" data-element_type=\"column\">\r\n\r\n\t\t\t\t\t<div class=\"elementor-column-wrap\">\r\n\t\t\t\t\t\t\t<div class=\"elementor-widget-wrap\">\r\n\t\t\t\t\t\t\t\t<\/div>\r\n\t\t\t\t\t<\/div>\r\n\t\t\t\t<\/div>\r\n\t\t\t\t\t\t<\/div>\r\n\t\t\t\t\t<\/div>\r\n\t\t\t\t<\/section>\r\n\t\t\t\t\t\t\t\t\t<\/div>\n\t\t\t<\/div>\n\t\t\t\t\t<\/div>\n\t\t","protected":false},"excerpt":{"rendered":"<p>\u00bfC\u00f3mo saber si los usuarios ven mis productos? Ingresa al administrador de tu tienda Iniciar sesi\u00f3n 1. Ingresa al men\u00fa productos En la columna visitas puedes ver la cantidad de visitas que ha tenido tu producto desde que lo publicaste. Tal ves te interese visitar \u00bfC\u00f3mo hacer una buena publicaci\u00f3n?. Share on facebook Share on [&hellip;]<\/p>\n","protected":false},"author":1,"featured_media":0,"parent":138,"menu_order":0,"comment_status":"closed","ping_status":"closed","template":"","meta":[],"yoast_head":"<!-- This site is optimized with the Yoast SEO Premium plugin v15.7 - https:\/\/yoast.com\/wordpress\/plugins\/seo\/ -->\n<title>\u00bfC\u00f3mo saber si los usuarios ven mis productos? - Centro de Ayuda<\/title>\n<meta name=\"robots\" content=\"index, follow, max-snippet:-1, max-image-preview:large, max-video-preview:-1\" \/>\n<link rel=\"canonical\" href=\"https:\/\/paratucarro.com\/ayuda\/soy-tienda-oficial\/como-saber-si-los-usuarios-ven-mis-productos\/\" \/>\n<meta property=\"og:locale\" content=\"es_ES\" \/>\n<meta property=\"og:type\" content=\"article\" \/>\n<meta property=\"og:title\" content=\"\u00bfC\u00f3mo saber si los usuarios ven mis productos? - Centro de Ayuda\" \/>\n<meta property=\"og:description\" content=\"\u00bfC\u00f3mo saber si los usuarios ven mis productos? Ingresa al administrador de tu tienda Iniciar sesi\u00f3n 1. Ingresa al men\u00fa productos En la columna visitas puedes ver la cantidad de visitas que ha tenido tu producto desde que lo publicaste. Tal ves te interese visitar \u00bfC\u00f3mo hacer una buena publicaci\u00f3n?. Share on facebook Share on [&hellip;]\" \/>\n<meta property=\"og:url\" content=\"https:\/\/paratucarro.com\/ayuda\/soy-tienda-oficial\/como-saber-si-los-usuarios-ven-mis-productos\/\" \/>\n<meta property=\"og:site_name\" content=\"Centro de Ayuda\" \/>\n<meta property=\"article:modified_time\" content=\"2021-01-25T18:22:56+00:00\" \/>\n<meta property=\"og:image\" content=\"https:\/\/paratucarro.com\/ayuda\/wp-content\/uploads\/sites\/4\/2021\/01\/visitas-prodcuto-paratucarro.jpg\" \/>\n<meta name=\"twitter:card\" content=\"summary_large_image\" \/>\n<script type=\"application\/ld+json\" class=\"yoast-schema-graph\">{\"@context\":\"https:\/\/schema.org\",\"@graph\":[{\"@type\":\"WebSite\",\"@id\":\"https:\/\/paratucarro.com\/ayuda\/#website\",\"url\":\"https:\/\/paratucarro.com\/ayuda\/\",\"name\":\"Centro de Ayuda\",\"description\":\"Centro de ayuda de paratucarro.com\",\"potentialAction\":[{\"@type\":\"SearchAction\",\"target\":\"https:\/\/paratucarro.com\/ayuda\/?s={search_term_string}\",\"query-input\":\"required name=search_term_string\"}],\"inLanguage\":\"es\"},{\"@type\":\"ImageObject\",\"@id\":\"https:\/\/paratucarro.com\/ayuda\/soy-tienda-oficial\/como-saber-si-los-usuarios-ven-mis-productos\/#primaryimage\",\"inLanguage\":\"es\",\"url\":\"https:\/\/paratucarro.com\/ayuda\/wp-content\/uploads\/sites\/4\/2021\/01\/visitas-prodcuto-paratucarro.jpg\",\"width\":980,\"height\":196},{\"@type\":\"WebPage\",\"@id\":\"https:\/\/paratucarro.com\/ayuda\/soy-tienda-oficial\/como-saber-si-los-usuarios-ven-mis-productos\/#webpage\",\"url\":\"https:\/\/paratucarro.com\/ayuda\/soy-tienda-oficial\/como-saber-si-los-usuarios-ven-mis-productos\/\",\"name\":\"\\u00bfC\\u00f3mo saber si los usuarios ven mis productos? - Centro de Ayuda\",\"isPartOf\":{\"@id\":\"https:\/\/paratucarro.com\/ayuda\/#website\"},\"primaryImageOfPage\":{\"@id\":\"https:\/\/paratucarro.com\/ayuda\/soy-tienda-oficial\/como-saber-si-los-usuarios-ven-mis-productos\/#primaryimage\"},\"datePublished\":\"2021-01-25T17:27:08+00:00\",\"dateModified\":\"2021-01-25T18:22:56+00:00\",\"inLanguage\":\"es\",\"potentialAction\":[{\"@type\":\"ReadAction\",\"target\":[\"https:\/\/paratucarro.com\/ayuda\/soy-tienda-oficial\/como-saber-si-los-usuarios-ven-mis-productos\/\"]}]}]}<\/script>\n<!-- \/ Yoast SEO Premium plugin. -->","_links":{"self":[{"href":"https:\/\/paratucarro.com\/ayuda\/wp-json\/wp\/v2\/pages\/837"}],"collection":[{"href":"https:\/\/paratucarro.com\/ayuda\/wp-json\/wp\/v2\/pages"}],"about":[{"href":"https:\/\/paratucarro.com\/ayuda\/wp-json\/wp\/v2\/types\/page"}],"author":[{"embeddable":true,"href":"https:\/\/paratucarro.com\/ayuda\/wp-json\/wp\/v2\/users\/1"}],"replies":[{"embeddable":true,"href":"https:\/\/paratucarro.com\/ayuda\/wp-json\/wp\/v2\/comments?post=837"}],"version-history":[{"count":0,"href":"https:\/\/paratucarro.com\/ayuda\/wp-json\/wp\/v2\/pages\/837\/revisions"}],"up":[{"embeddable":true,"href":"https:\/\/paratucarro.com\/ayuda\/wp-json\/wp\/v2\/pages\/138"}],"wp:attachment":[{"href":"https:\/\/paratucarro.com\/ayuda\/wp-json\/wp\/v2\/media?parent=837"}],"curies":[{"name":"wp","href":"https:\/\/api.w.org\/{rel}","templated":true}]}}