{"id":788,"date":"2021-01-25T15:54:25","date_gmt":"2021-01-25T15:54:25","guid":{"rendered":"https:\/\/paratucarro.com\/ayuda\/?page_id=788"},"modified":"2021-01-25T18:10:05","modified_gmt":"2021-01-25T18:10:05","slug":"editar-un-producto","status":"publish","type":"page","link":"https:\/\/paratucarro.com\/ayuda\/soy-tienda-oficial\/gestion-de-productos\/editar-un-producto\/","title":{"rendered":"Editar un producto"},"content":{"rendered":"\t\t<div data-elementor-type=\"wp-page\" data-elementor-id=\"788\" class=\"elementor elementor-788\">\n\t\t\t\t\t\t<div class=\"elementor-inner\">\n\t\t\t\t<div class=\"elementor-section-wrap\">\n\t\t\t\t\t\t\t\t\t<section class=\"elementor-section elementor-top-section elementor-element elementor-element-67b6e797 elementor-section-boxed elementor-section-height-default elementor-section-height-default\" data-id=\"67b6e797\" data-element_type=\"section\">\r\n\t\t\t\r\n\t\t\t\t\t\t\t\t\t<div class=\"elementor-container elementor-column-gap-default\">\r\n\t\t\t\t\t\t\t\t<div class=\"elementor-row\">\r\n\t\t\t\t\t\t\t<div class=\"elementor-column elementor-col-25 elementor-top-column elementor-element elementor-element-47ad9df3\" data-id=\"47ad9df3\" data-element_type=\"column\">\r\n\r\n\t\t\t\t\t<div class=\"elementor-column-wrap\">\r\n\t\t\t\t\t\t\t<div class=\"elementor-widget-wrap\">\r\n\t\t\t\t\t\t\t\t<\/div>\r\n\t\t\t\t\t<\/div>\r\n\t\t\t\t<\/div>\r\n\t\t\t\t<div class=\"elementor-column elementor-col-50 elementor-top-column elementor-element elementor-element-1b4d3dc0\" data-id=\"1b4d3dc0\" data-element_type=\"column\">\r\n\r\n\t\t\t\t\t<div class=\"elementor-column-wrap elementor-element-populated\">\r\n\t\t\t\t\t\t\t<div class=\"elementor-widget-wrap\">\r\n\t\t\t\t\t\t<div class=\"elementor-element elementor-element-64aad091 elementor-widget elementor-widget-heading\" data-id=\"64aad091\" data-element_type=\"widget\" data-widget_type=\"heading.default\">\n\t\t\t\t<div class=\"elementor-widget-container\">\n\t\t\t<h2 class=\"elementor-heading-title elementor-size-default\">Editar un producto<\/h2>\t\t<\/div>\n\t\t\t\t<\/div>\n\t\t\t\t<div class=\"elementor-element elementor-element-2b07ea5e elementor-widget elementor-widget-text-editor\" data-id=\"2b07ea5e\" data-element_type=\"widget\" data-widget_type=\"text-editor.default\">\n\t\t\t\t<div class=\"elementor-widget-container\">\n\t\t\t\t\t\t\t\t<div class=\"elementor-text-editor elementor-clearfix\">\n\t\t\t\t<p>Ingresa al administrador de tu tienda<\/p>\t\t\t\t\t<\/div>\n\t\t\t\t\t\t<\/div>\n\t\t\t\t<\/div>\n\t\t\t\t<div class=\"elementor-element elementor-element-5306244b elementor-align-center elementor-widget elementor-widget-button\" data-id=\"5306244b\" data-element_type=\"widget\" data-widget_type=\"button.default\">\n\t\t\t\t<div class=\"elementor-widget-container\">\n\t\t\t\t\t<div class=\"elementor-button-wrapper\">\n\t\t\t<a href=\"https:\/\/paratucarro.com\/mi-cuenta\/\" target=\"_blank\" class=\"elementor-button-link elementor-button elementor-size-md\" role=\"button\">\n\t\t\t\t\t\t<span class=\"elementor-button-content-wrapper\">\n\t\t\t\t\t\t<span class=\"elementor-button-text\">Iniciar sesi\u00f3n<\/span>\n\t\t<\/span>\n\t\t\t\t\t<\/a>\n\t\t<\/div>\n\t\t\t\t<\/div>\n\t\t\t\t<\/div>\n\t\t\t\t<div class=\"elementor-element elementor-element-2980dea7 elementor-widget elementor-widget-text-editor\" data-id=\"2980dea7\" data-element_type=\"widget\" data-widget_type=\"text-editor.default\">\n\t\t\t\t<div class=\"elementor-widget-container\">\n\t\t\t\t\t\t\t\t<div class=\"elementor-text-editor elementor-clearfix\">\n\t\t\t\t<p><b>1.<\/b> Ingresa al men\u00fa productos<\/p><p><b>2. <\/b>En la listad de productos dar clic el icono \u201c<em>editar<\/em>\u201d en la columna de acciones.<\/p>\t\t\t\t\t<\/div>\n\t\t\t\t\t\t<\/div>\n\t\t\t\t<\/div>\n\t\t\t\t<div class=\"elementor-element elementor-element-84f3d4b elementor-widget elementor-widget-image\" data-id=\"84f3d4b\" data-element_type=\"widget\" data-widget_type=\"image.default\">\n\t\t\t\t<div class=\"elementor-widget-container\">\n\t\t\t\t\t\t\t\t<div class=\"elementor-image\">\n\t\t\t\t\t\t\t\t\t\t\t\t<img decoding=\"async\" width=\"980\" height=\"392\" src=\"https:\/\/paratucarro.com\/ayuda\/wp-content\/uploads\/sites\/4\/2021\/01\/editar-1-paratucarr0.jpg\" class=\"attachment-full size-full wp-image-789\" alt=\"\" loading=\"lazy\" srcset=\"https:\/\/paratucarro.com\/ayuda\/wp-content\/uploads\/sites\/4\/2021\/01\/editar-1-paratucarr0.jpg 980w, https:\/\/paratucarro.com\/ayuda\/wp-content\/uploads\/sites\/4\/2021\/01\/editar-1-paratucarr0-768x307.jpg 768w, https:\/\/paratucarro.com\/ayuda\/wp-content\/uploads\/sites\/4\/2021\/01\/editar-1-paratucarr0-640x256.jpg 640w, https:\/\/paratucarro.com\/ayuda\/wp-content\/uploads\/sites\/4\/2021\/01\/editar-1-paratucarr0-400x160.jpg 400w\" sizes=\"(max-width: 980px) 100vw, 980px\" \/>\t\t\t\t\t\t\t\t\t\t\t\t\t\t<\/div>\n\t\t\t\t\t\t<\/div>\n\t\t\t\t<\/div>\n\t\t\t\t<div class=\"elementor-element elementor-element-5b012274 elementor-widget elementor-widget-text-editor\" data-id=\"5b012274\" data-element_type=\"widget\" data-widget_type=\"text-editor.default\">\n\t\t\t\t<div class=\"elementor-widget-container\">\n\t\t\t\t\t\t\t\t<div class=\"elementor-text-editor elementor-clearfix\">\n\t\t\t\t<p><b>3.<\/b> Puedes editar todos los campos del producto. <em>Nombre<\/em>, <em>precio<\/em>, <em>im\u00e1genes<\/em>, <em>categor\u00eda<\/em>, <em>atributos<\/em>,<em> productos relacionados<\/em> y <em>pol\u00edticas<\/em>.<\/p>\t\t\t\t\t<\/div>\n\t\t\t\t\t\t<\/div>\n\t\t\t\t<\/div>\n\t\t\t\t<div class=\"elementor-element elementor-element-4480a4f1 elementor-widget elementor-widget-image\" data-id=\"4480a4f1\" data-element_type=\"widget\" data-widget_type=\"image.default\">\n\t\t\t\t<div class=\"elementor-widget-container\">\n\t\t\t\t\t\t\t\t<div class=\"elementor-image\">\n\t\t\t\t\t\t\t\t\t\t\t\t<img decoding=\"async\" width=\"980\" height=\"157\" src=\"https:\/\/paratucarro.com\/ayuda\/wp-content\/uploads\/sites\/4\/2021\/01\/botones-2-paratucarro.jpg\" class=\"attachment-full size-full wp-image-790\" alt=\"\" loading=\"lazy\" srcset=\"https:\/\/paratucarro.com\/ayuda\/wp-content\/uploads\/sites\/4\/2021\/01\/botones-2-paratucarro.jpg 980w, https:\/\/paratucarro.com\/ayuda\/wp-content\/uploads\/sites\/4\/2021\/01\/botones-2-paratucarro-768x123.jpg 768w, https:\/\/paratucarro.com\/ayuda\/wp-content\/uploads\/sites\/4\/2021\/01\/botones-2-paratucarro-640x103.jpg 640w, https:\/\/paratucarro.com\/ayuda\/wp-content\/uploads\/sites\/4\/2021\/01\/botones-2-paratucarro-400x64.jpg 400w\" sizes=\"(max-width: 980px) 100vw, 980px\" \/>\t\t\t\t\t\t\t\t\t\t\t\t\t\t<\/div>\n\t\t\t\t\t\t<\/div>\n\t\t\t\t<\/div>\n\t\t\t\t<div class=\"elementor-element elementor-element-70d8d584 elementor-widget elementor-widget-text-editor\" data-id=\"70d8d584\" data-element_type=\"widget\" data-widget_type=\"text-editor.default\">\n\t\t\t\t<div class=\"elementor-widget-container\">\n\t\t\t\t\t\t\t\t<div class=\"elementor-text-editor elementor-clearfix\">\n\t\t\t\t<p><span style=\"letter-spacing: 0px;\">Ahora puedes <\/span><em style=\"letter-spacing: 0px;\">publicar<\/em><span style=\"letter-spacing: 0px;\">,\u00a0<\/span><em style=\"letter-spacing: 0px;\">guardar<\/em><span style=\"letter-spacing: 0px;\"> como borrador o ver una vista previa de tu producto.<\/span><\/p><p><strong>Publicar:<\/strong> El producto es visible en toda la tienda para tus clientes.<\/p><p><strong>Borrador:<\/strong> Solo tu puedes ver el producto y su informaci\u00f3n, puedes publicarlo m\u00e1s adelante desde la lista de productos.<\/p><p><span style=\"letter-spacing: 0px; font-weight: bold;\">Ver:<\/span><span style=\"letter-spacing: 0px;\">\u00a0<\/span><span style=\"letter-spacing: 0px;\">Puedes una vista previa de tu producto antes de publicarlo.<\/span><\/p>\t\t\t\t\t<\/div>\n\t\t\t\t\t\t<\/div>\n\t\t\t\t<\/div>\n\t\t\t\t<div class=\"elementor-element elementor-element-8dc8d27 elementor-widget elementor-widget-text-editor\" data-id=\"8dc8d27\" data-element_type=\"widget\" data-widget_type=\"text-editor.default\">\n\t\t\t\t<div class=\"elementor-widget-container\">\n\t\t\t\t\t\t\t\t<div class=\"elementor-text-editor elementor-clearfix\">\n\t\t\t\t<p>Tambi\u00e9n puedes editar informaci\u00f3n r\u00e1pida de tu producto en la con el icono de \u00abedici\u00f3n r\u00e1pida\u00bb<\/p>\t\t\t\t\t<\/div>\n\t\t\t\t\t\t<\/div>\n\t\t\t\t<\/div>\n\t\t\t\t<div class=\"elementor-element elementor-element-4c619a7 elementor-widget elementor-widget-image\" data-id=\"4c619a7\" data-element_type=\"widget\" data-widget_type=\"image.default\">\n\t\t\t\t<div class=\"elementor-widget-container\">\n\t\t\t\t\t\t\t\t<div class=\"elementor-image\">\n\t\t\t\t\t\t\t\t\t\t\t\t<img decoding=\"async\" width=\"980\" height=\"351\" src=\"https:\/\/paratucarro.com\/ayuda\/wp-content\/uploads\/sites\/4\/2021\/01\/editar-rapido-paratucarro.jpg\" class=\"attachment-full size-full wp-image-796\" alt=\"\" loading=\"lazy\" srcset=\"https:\/\/paratucarro.com\/ayuda\/wp-content\/uploads\/sites\/4\/2021\/01\/editar-rapido-paratucarro.jpg 980w, https:\/\/paratucarro.com\/ayuda\/wp-content\/uploads\/sites\/4\/2021\/01\/editar-rapido-paratucarro-768x275.jpg 768w, https:\/\/paratucarro.com\/ayuda\/wp-content\/uploads\/sites\/4\/2021\/01\/editar-rapido-paratucarro-640x229.jpg 640w, https:\/\/paratucarro.com\/ayuda\/wp-content\/uploads\/sites\/4\/2021\/01\/editar-rapido-paratucarro-400x143.jpg 400w\" sizes=\"(max-width: 980px) 100vw, 980px\" \/>\t\t\t\t\t\t\t\t\t\t\t\t\t\t<\/div>\n\t\t\t\t\t\t<\/div>\n\t\t\t\t<\/div>\n\t\t\t\t<div class=\"elementor-element elementor-element-ba32598 elementor-widget elementor-widget-text-editor\" data-id=\"ba32598\" data-element_type=\"widget\" data-widget_type=\"text-editor.default\">\n\t\t\t\t<div class=\"elementor-widget-container\">\n\t\t\t\t\t\t\t\t<div class=\"elementor-text-editor elementor-clearfix\">\n\t\t\t\t<p>En esta opci\u00f3n puedes editar el nombre, precio, precio de oferta y la visibilidad en la tienda.<\/p>\t\t\t\t\t<\/div>\n\t\t\t\t\t\t<\/div>\n\t\t\t\t<\/div>\n\t\t\t\t\t\t<\/div>\r\n\t\t\t\t\t<\/div>\r\n\t\t\t\t<\/div>\r\n\t\t\t\t<div class=\"elementor-column elementor-col-25 elementor-top-column elementor-element elementor-element-1f8b1008\" data-id=\"1f8b1008\" data-element_type=\"column\">\r\n\r\n\t\t\t\t\t<div class=\"elementor-column-wrap\">\r\n\t\t\t\t\t\t\t<div class=\"elementor-widget-wrap\">\r\n\t\t\t\t\t\t\t\t<\/div>\r\n\t\t\t\t\t<\/div>\r\n\t\t\t\t<\/div>\r\n\t\t\t\t\t\t<\/div>\r\n\t\t\t\t\t<\/div>\r\n\t\t\t\t<\/section>\r\n\t\t\t\t<section class=\"elementor-section elementor-top-section elementor-element elementor-element-3b70958e elementor-section-boxed elementor-section-height-default elementor-section-height-default\" data-id=\"3b70958e\" data-element_type=\"section\">\r\n\t\t\t\r\n\t\t\t\t\t\t\t\t\t<div class=\"elementor-container elementor-column-gap-default\">\r\n\t\t\t\t\t\t\t\t<div class=\"elementor-row\">\r\n\t\t\t\t\t\t\t<div class=\"elementor-column elementor-col-25 elementor-top-column elementor-element elementor-element-4e5ed6ef\" data-id=\"4e5ed6ef\" data-element_type=\"column\">\r\n\r\n\t\t\t\t\t<div class=\"elementor-column-wrap\">\r\n\t\t\t\t\t\t\t<div class=\"elementor-widget-wrap\">\r\n\t\t\t\t\t\t\t\t<\/div>\r\n\t\t\t\t\t<\/div>\r\n\t\t\t\t<\/div>\r\n\t\t\t\t<div class=\"elementor-column elementor-col-50 elementor-top-column elementor-element elementor-element-c126999\" data-id=\"c126999\" data-element_type=\"column\">\r\n\r\n\t\t\t\t\t<div class=\"elementor-column-wrap elementor-element-populated\">\r\n\t\t\t\t\t\t\t<div class=\"elementor-widget-wrap\">\r\n\t\t\t\t\t\t<div class=\"elementor-element elementor-element-61c30d7c elementor-share-buttons--view-icon elementor-share-buttons--skin-minimal elementor-share-buttons--shape-circle elementor-share-buttons--align-center elementor-share-buttons--color-custom elementor-grid-0 elementor-widget elementor-widget-share-buttons\" data-id=\"61c30d7c\" data-element_type=\"widget\" data-widget_type=\"share-buttons.default\">\n\t\t\t\t<div class=\"elementor-widget-container\">\n\t\t\t\t\t<div class=\"elementor-grid\">\n\t\t\t\t\t\t\t\t<div class=\"elementor-grid-item\">\n\t\t\t\t\t\t<div\n\t\t\t\t\t\t\tclass=\"elementor-share-btn elementor-share-btn_facebook\"\n\t\t\t\t\t\t\trole=\"button\"\n\t\t\t\t\t\t\ttabindex=\"0\"\n\t\t\t\t\t\t\taria-label=\"Compartir en facebook\"\n\t\t\t\t\t\t>\n\t\t\t\t\t\t\t\t\t\t\t\t\t\t\t<span class=\"elementor-share-btn__icon\">\n\t\t\t\t\t\t\t\t<i class=\"fab fa-facebook\" aria-hidden=\"true\"><\/i>\t\t\t\t\t\t\t<\/span>\n\t\t\t\t\t\t\t\t\t\t\t\t\t\t\t\t\t\t\t\t<\/div>\n\t\t\t\t\t<\/div>\n\t\t\t\t\t\t\t\t\t<div class=\"elementor-grid-item\">\n\t\t\t\t\t\t<div\n\t\t\t\t\t\t\tclass=\"elementor-share-btn elementor-share-btn_twitter\"\n\t\t\t\t\t\t\trole=\"button\"\n\t\t\t\t\t\t\ttabindex=\"0\"\n\t\t\t\t\t\t\taria-label=\"Compartir en twitter\"\n\t\t\t\t\t\t>\n\t\t\t\t\t\t\t\t\t\t\t\t\t\t\t<span class=\"elementor-share-btn__icon\">\n\t\t\t\t\t\t\t\t<i class=\"fab fa-twitter\" aria-hidden=\"true\"><\/i>\t\t\t\t\t\t\t<\/span>\n\t\t\t\t\t\t\t\t\t\t\t\t\t\t\t\t\t\t\t\t<\/div>\n\t\t\t\t\t<\/div>\n\t\t\t\t\t\t<\/div>\n\t\t\t\t<\/div>\n\t\t\t\t<\/div>\n\t\t\t\t<div class=\"elementor-element elementor-element-2150ec15 elementor-widget-divider--view-line elementor-widget elementor-widget-global elementor-global-323 elementor-widget-divider\" data-id=\"2150ec15\" data-element_type=\"widget\" data-widget_type=\"divider.default\">\n\t\t\t\t<div class=\"elementor-widget-container\">\n\t\t\t\t\t<div class=\"elementor-divider\">\n\t\t\t<span class=\"elementor-divider-separator\">\n\t\t\t\t\t\t<\/span>\n\t\t<\/div>\n\t\t\t\t<\/div>\n\t\t\t\t<\/div>\n\t\t\t\t<div class=\"elementor-element elementor-element-6de84217 elementor-widget elementor-widget-global elementor-global-300 elementor-widget-heading\" data-id=\"6de84217\" data-element_type=\"widget\" data-widget_type=\"heading.default\">\n\t\t\t\t<div class=\"elementor-widget-container\">\n\t\t\t<h2 class=\"elementor-heading-title elementor-size-default\">\u00bfNecesitas m\u00e1s informaci\u00f3n?<\/h2>\t\t<\/div>\n\t\t\t\t<\/div>\n\t\t\t\t<div class=\"elementor-element elementor-element-3c3db09f elementor-align-center elementor-widget elementor-widget-global elementor-global-297 elementor-widget-button\" data-id=\"3c3db09f\" data-element_type=\"widget\" data-widget_type=\"button.default\">\n\t\t\t\t<div class=\"elementor-widget-container\">\n\t\t\t\t\t<div class=\"elementor-button-wrapper\">\n\t\t\t<a href=\"https:\/\/paratucarro.com\/ayuda\/inicio\/formulario-de-contacto\/\" class=\"elementor-button-link elementor-button elementor-size-md\" role=\"button\">\n\t\t\t\t\t\t<span class=\"elementor-button-content-wrapper\">\n\t\t\t\t\t\t<span class=\"elementor-button-text\">Escribenos<\/span>\n\t\t<\/span>\n\t\t\t\t\t<\/a>\n\t\t<\/div>\n\t\t\t\t<\/div>\n\t\t\t\t<\/div>\n\t\t\t\t\t\t<\/div>\r\n\t\t\t\t\t<\/div>\r\n\t\t\t\t<\/div>\r\n\t\t\t\t<div class=\"elementor-column elementor-col-25 elementor-top-column elementor-element elementor-element-15327a32\" data-id=\"15327a32\" data-element_type=\"column\">\r\n\r\n\t\t\t\t\t<div class=\"elementor-column-wrap\">\r\n\t\t\t\t\t\t\t<div class=\"elementor-widget-wrap\">\r\n\t\t\t\t\t\t\t\t<\/div>\r\n\t\t\t\t\t<\/div>\r\n\t\t\t\t<\/div>\r\n\t\t\t\t\t\t<\/div>\r\n\t\t\t\t\t<\/div>\r\n\t\t\t\t<\/section>\r\n\t\t\t\t\t\t\t\t\t<\/div>\n\t\t\t<\/div>\n\t\t\t\t\t<\/div>\n\t\t","protected":false},"excerpt":{"rendered":"<p>Editar un producto Ingresa al administrador de tu tienda Iniciar sesi\u00f3n 1. Ingresa al men\u00fa productos 2. En la listad de productos dar clic el icono \u201ceditar\u201d en la columna de acciones. 3. Puedes editar todos los campos del producto. Nombre, precio, im\u00e1genes, categor\u00eda, atributos, productos relacionados y pol\u00edticas. Ahora puedes publicar,\u00a0guardar como borrador o [&hellip;]<\/p>\n","protected":false},"author":1,"featured_media":0,"parent":194,"menu_order":0,"comment_status":"closed","ping_status":"closed","template":"","meta":[],"yoast_head":"<!-- This site is optimized with the Yoast SEO Premium plugin v15.7 - https:\/\/yoast.com\/wordpress\/plugins\/seo\/ -->\n<title>Editar un producto - Centro de Ayuda<\/title>\n<meta name=\"robots\" content=\"index, follow, max-snippet:-1, max-image-preview:large, max-video-preview:-1\" \/>\n<link rel=\"canonical\" href=\"https:\/\/paratucarro.com\/ayuda\/soy-tienda-oficial\/gestion-de-productos\/editar-un-producto\/\" \/>\n<meta property=\"og:locale\" content=\"es_ES\" \/>\n<meta property=\"og:type\" content=\"article\" \/>\n<meta property=\"og:title\" content=\"Editar un producto - Centro de Ayuda\" \/>\n<meta property=\"og:description\" content=\"Editar un producto Ingresa al administrador de tu tienda Iniciar sesi\u00f3n 1. Ingresa al men\u00fa productos 2. En la listad de productos dar clic el icono \u201ceditar\u201d en la columna de acciones. 3. Puedes editar todos los campos del producto. Nombre, precio, im\u00e1genes, categor\u00eda, atributos, productos relacionados y pol\u00edticas. Ahora puedes publicar,\u00a0guardar como borrador o [&hellip;]\" \/>\n<meta property=\"og:url\" content=\"https:\/\/paratucarro.com\/ayuda\/soy-tienda-oficial\/gestion-de-productos\/editar-un-producto\/\" \/>\n<meta property=\"og:site_name\" content=\"Centro de Ayuda\" \/>\n<meta property=\"article:modified_time\" content=\"2021-01-25T18:10:05+00:00\" \/>\n<meta property=\"og:image\" content=\"https:\/\/paratucarro.com\/ayuda\/wp-content\/uploads\/sites\/4\/2021\/01\/editar-1-paratucarr0.jpg\" \/>\n<meta name=\"twitter:card\" content=\"summary_large_image\" \/>\n<meta name=\"twitter:label1\" content=\"Tiempo de lectura\">\n\t<meta name=\"twitter:data1\" content=\"1 minuto\">\n<script type=\"application\/ld+json\" class=\"yoast-schema-graph\">{\"@context\":\"https:\/\/schema.org\",\"@graph\":[{\"@type\":\"WebSite\",\"@id\":\"https:\/\/paratucarro.com\/ayuda\/#website\",\"url\":\"https:\/\/paratucarro.com\/ayuda\/\",\"name\":\"Centro de Ayuda\",\"description\":\"Centro de ayuda de paratucarro.com\",\"potentialAction\":[{\"@type\":\"SearchAction\",\"target\":\"https:\/\/paratucarro.com\/ayuda\/?s={search_term_string}\",\"query-input\":\"required name=search_term_string\"}],\"inLanguage\":\"es\"},{\"@type\":\"ImageObject\",\"@id\":\"https:\/\/paratucarro.com\/ayuda\/soy-tienda-oficial\/gestion-de-productos\/editar-un-producto\/#primaryimage\",\"inLanguage\":\"es\",\"url\":\"https:\/\/paratucarro.com\/ayuda\/wp-content\/uploads\/sites\/4\/2021\/01\/editar-1-paratucarr0.jpg\",\"width\":980,\"height\":392},{\"@type\":\"WebPage\",\"@id\":\"https:\/\/paratucarro.com\/ayuda\/soy-tienda-oficial\/gestion-de-productos\/editar-un-producto\/#webpage\",\"url\":\"https:\/\/paratucarro.com\/ayuda\/soy-tienda-oficial\/gestion-de-productos\/editar-un-producto\/\",\"name\":\"Editar un producto - Centro de Ayuda\",\"isPartOf\":{\"@id\":\"https:\/\/paratucarro.com\/ayuda\/#website\"},\"primaryImageOfPage\":{\"@id\":\"https:\/\/paratucarro.com\/ayuda\/soy-tienda-oficial\/gestion-de-productos\/editar-un-producto\/#primaryimage\"},\"datePublished\":\"2021-01-25T15:54:25+00:00\",\"dateModified\":\"2021-01-25T18:10:05+00:00\",\"inLanguage\":\"es\",\"potentialAction\":[{\"@type\":\"ReadAction\",\"target\":[\"https:\/\/paratucarro.com\/ayuda\/soy-tienda-oficial\/gestion-de-productos\/editar-un-producto\/\"]}]}]}<\/script>\n<!-- \/ Yoast SEO Premium plugin. -->","_links":{"self":[{"href":"https:\/\/paratucarro.com\/ayuda\/wp-json\/wp\/v2\/pages\/788"}],"collection":[{"href":"https:\/\/paratucarro.com\/ayuda\/wp-json\/wp\/v2\/pages"}],"about":[{"href":"https:\/\/paratucarro.com\/ayuda\/wp-json\/wp\/v2\/types\/page"}],"author":[{"embeddable":true,"href":"https:\/\/paratucarro.com\/ayuda\/wp-json\/wp\/v2\/users\/1"}],"replies":[{"embeddable":true,"href":"https:\/\/paratucarro.com\/ayuda\/wp-json\/wp\/v2\/comments?post=788"}],"version-history":[{"count":0,"href":"https:\/\/paratucarro.com\/ayuda\/wp-json\/wp\/v2\/pages\/788\/revisions"}],"up":[{"embeddable":true,"href":"https:\/\/paratucarro.com\/ayuda\/wp-json\/wp\/v2\/pages\/194"}],"wp:attachment":[{"href":"https:\/\/paratucarro.com\/ayuda\/wp-json\/wp\/v2\/media?parent=788"}],"curies":[{"name":"wp","href":"https:\/\/api.w.org\/{rel}","templated":true}]}}